{"id":1104,"date":"2021-02-23T16:51:40","date_gmt":"2021-02-23T16:51:40","guid":{"rendered":"https:\/\/polcustoms.co.uk\/?page_id=1104"},"modified":"2022-01-25T18:26:24","modified_gmt":"2022-01-25T18:26:24","slug":"szablony-zgloszeniowe","status":"publish","type":"page","link":"https:\/\/polcustoms.co.uk\/index.php\/szablony-zgloszeniowe\/","title":{"rendered":"Szablony zg\u0142oszeniowe"},"content":{"rendered":"\t\t<div data-elementor-type=\"wp-page\" data-elementor-id=\"1104\" class=\"elementor elementor-1104\" data-elementor-settings=\"[]\">\n\t\t\t\t\t\t<div class=\"elementor-inner\">\n\t\t\t\t\t\t\t<div class=\"elementor-section-wrap\">\n\t\t\t\t\t\t\t<section class=\"elementor-section elementor-top-section elementor-element elementor-element-1c610df5 elementor-section-content-middle elementor-section-boxed elementor-section-height-default elementor-section-height-default\" data-id=\"1c610df5\" data-element_type=\"section\">\n\t\t\t\t\t\t<div class=\"elementor-container elementor-column-gap-no\">\n\t\t\t\t\t\t\t<div class=\"elementor-row\">\n\t\t\t\t\t<div class=\"elementor-column elementor-col-100 elementor-top-column elementor-element elementor-element-50b17f87\" data-id=\"50b17f87\" data-element_type=\"column\">\n\t\t\t<div class=\"elementor-column-wrap elementor-element-populated\">\n\t\t\t\t\t\t\t<div class=\"elementor-widget-wrap\">\n\t\t\t\t\t\t<div class=\"elementor-element elementor-element-4900524c elementor-widget elementor-widget-heading\" data-id=\"4900524c\" data-element_type=\"widget\" data-widget_type=\"heading.default\">\n\t\t\t\t<div class=\"elementor-widget-container\">\n\t\t\t<h4 class=\"elementor-heading-title elementor-size-default\">Szablony zg\u0142oszeniowe<\/h4>\t\t<\/div>\n\t\t\t\t<\/div>\n\t\t\t\t<div class=\"elementor-element elementor-element-44c7037 elementor-widget-divider--separator-type-pattern elementor-widget-divider--no-spacing elementor-widget-divider--view-line elementor-widget elementor-widget-divider\" data-id=\"44c7037\" data-element_type=\"widget\" data-widget_type=\"divider.default\">\n\t\t\t\t<div class=\"elementor-widget-container\">\n\t\t\t\t\t<div class=\"elementor-divider\" style=\"--divider-pattern-url: url(&quot;data:image\/svg+xml,%3Csvg xmlns=&#039;http:\/\/www.w3.org\/2000\/svg&#039; preserveAspectRatio=&#039;xMidYMid meet&#039; overflow=&#039;visible&#039; height=&#039;100%&#039; viewBox=&#039;0 0 126 26&#039; fill=&#039;black&#039; stroke=&#039;none&#039;%3E%3Cpath d=&#039;M3,10.2c2.6,0,2.6,2,2.6,3.2S4.4,16.5,3,16.5s-3-1.4-3-3.2S0.4,10.2,3,10.2z M18.8,10.2c1.7,0,3.2,1.4,3.2,3.2s-1.4,3.2-3.2,3.2c-1.7,0-3.2-1.4-3.2-3.2S17,10.2,18.8,10.2z M34.6,10.2c1.5,0,2.6,1.4,2.6,3.2s-0.5,3.2-1.9,3.2c-1.5,0-3.4-1.4-3.4-3.2S33.1,10.2,34.6,10.2z M50.5,10.2c1.7,0,3.2,1.4,3.2,3.2s-1.4,3.2-3.2,3.2c-1.7,0-3.3-0.9-3.3-2.6S48.7,10.2,50.5,10.2z M66.2,10.2c1.5,0,3.4,1.4,3.4,3.2s-1.9,3.2-3.4,3.2c-1.5,0-2.6-0.4-2.6-2.1S64.8,10.2,66.2,10.2z M82.2,10.2c1.7,0.8,2.6,1.4,2.6,3.2s-0.1,3.2-1.6,3.2c-1.5,0-3.7-1.4-3.7-3.2S80.5,9.4,82.2,10.2zM98.6,10.2c1.5,0,2.6,0.4,2.6,2.1s-1.2,4.2-2.6,4.2c-1.5,0-3.7-0.4-3.7-2.1S97.1,10.2,98.6,10.2z M113.4,10.2c1.2,0,2.2,0.9,2.2,3.2s-0.1,3.2-1.3,3.2s-3.1-1.4-3.1-3.2S112.2,10.2,113.4,10.2z&#039;\/%3E%3C\/svg%3E&quot;);\">\n\t\t\t<span class=\"elementor-divider-separator\">\n\t\t\t\t\t\t<\/span>\n\t\t<\/div>\n\t\t\t\t<\/div>\n\t\t\t\t<\/div>\n\t\t\t\t<div class=\"elementor-element elementor-element-449db9d6 elementor-widget elementor-widget-toggle\" data-id=\"449db9d6\" data-element_type=\"widget\" data-widget_type=\"toggle.default\">\n\t\t\t\t<div class=\"elementor-widget-container\">\n\t\t\t\t\t<div class=\"elementor-toggle\" role=\"tablist\">\n\t\t\t\t\t\t\t<div class=\"elementor-toggle-item\">\n\t\t\t\t\t<div id=\"elementor-tab-title-1151\" class=\"elementor-tab-title\" data-tab=\"1\" role=\"tab\" aria-controls=\"elementor-tab-content-1151\" aria-expanded=\"false\">\n\t\t\t\t\t\t\t\t\t\t\t\t<span class=\"elementor-toggle-icon elementor-toggle-icon-right\" aria-hidden=\"true\">\n\t\t\t\t\t\t\t\t\t\t\t\t\t\t\t<span class=\"elementor-toggle-icon-closed\"><i class=\"fas fa-caret-right\"><\/i><\/span>\n\t\t\t\t\t\t\t\t<span class=\"elementor-toggle-icon-opened\"><i class=\"elementor-toggle-icon-opened fas fa-caret-up\"><\/i><\/span>\n\t\t\t\t\t\t\t\t\t\t\t\t\t<\/span>\n\t\t\t\t\t\t\t\t\t\t\t\t<a href=\"\" class=\"elementor-toggle-title\">Szablon do zgloszenia deklaracji importowej do UK :<\/a>\n\t\t\t\t\t<\/div>\n\n\t\t\t\t\t<div id=\"elementor-tab-content-1151\" class=\"elementor-tab-content elementor-clearfix\" data-tab=\"1\" role=\"tabpanel\" aria-labelledby=\"elementor-tab-title-1151\"><div class=\"v1ydpb1ebf28fyiv1504612472ydp3606d7dyahoo-style-wrap\" dir=\"ltr\">a). Faktura 0% wraz z informacja o kraju pochodzenia produktu<\/div>\n<div class=\"v1ydpb1ebf28fyiv1504612472ydp3606d7dyahoo-style-wrap\" dir=\"ltr\">b). MRN zwany inaczej WSPOLNOTA EUROPEJSKA &#8211; dokument<\/div>\n<div class=\"v1ydpb1ebf28fyiv1504612472ydp3606d7dyahoo-style-wrap\" dir=\"ltr\">c). Dane kierowcy (imie I nazwisko) oraz rejestracja pojazdu<\/div>\n<div class=\"v1ydpb1ebf28fyiv1504612472ydp3606d7dyahoo-style-wrap\" dir=\"ltr\">d). Nazwy granic przekraczajacych z EU do UK (np. Calais &#8211; Dover) wraz z data oraz planowanym czasem przekroczenia.<\/div>\n<div dir=\"ltr\">\n<div dir=\"ltr\"><\/div>\n<div class=\"v1ydpb1ebf28fyiv1504612472ydp3606d7dyahoo-style-wrap\" dir=\"ltr\" style=\"color: red; text-align: center;\"><br>WAZNE! WAZNE! WAZNE!<\/div>\n<div class=\"v1ydpb1ebf28fyiv1504612472ydp3606d7dyahoo-style-wrap\" dir=\"ltr\">Zg\u0142oszenie Importowe MUSI by\u0107 wys\u0142ane na e-mail: info@polcustoms.co.uk, w tytule &#8211; &#8222;IMPORT +NAZWA FIRMY+ DATA&#8221; NAJPOZNIEJ 12H PRZED PRZEKROCZENIEM GRANICY EUROPEJSKO-BRYTYJSKIEJ.<\/div>\n<div class=\"v1ydpb1ebf28fyiv1504612472ydp3606d7dyahoo-style-wrap\" dir=\"ltr\">\n\nZg\u0142oszenie Importowe niekompletne b\u0105d\u017a informacje brakuj\u0105ce w jednej wy\u0142\u0105cznie wiadomo\u015bci b\u0119d\u0105 przez nasz system automatycznie odrzucone co r\u00f3wnoznaczne jest z przymusu korzystania z obl\u0119\u017conych agencji przygranicznych.\n\n<\/div>\n<\/div><\/div>\n\t\t\t\t<\/div>\n\t\t\t\t\t\t\t<div class=\"elementor-toggle-item\">\n\t\t\t\t\t<div id=\"elementor-tab-title-1152\" class=\"elementor-tab-title\" data-tab=\"2\" role=\"tab\" aria-controls=\"elementor-tab-content-1152\" aria-expanded=\"false\">\n\t\t\t\t\t\t\t\t\t\t\t\t<span class=\"elementor-toggle-icon elementor-toggle-icon-right\" aria-hidden=\"true\">\n\t\t\t\t\t\t\t\t\t\t\t\t\t\t\t<span class=\"elementor-toggle-icon-closed\"><i class=\"fas fa-caret-right\"><\/i><\/span>\n\t\t\t\t\t\t\t\t<span class=\"elementor-toggle-icon-opened\"><i class=\"elementor-toggle-icon-opened fas fa-caret-up\"><\/i><\/span>\n\t\t\t\t\t\t\t\t\t\t\t\t\t<\/span>\n\t\t\t\t\t\t\t\t\t\t\t\t<a href=\"\" class=\"elementor-toggle-title\">Szablon do zgloszenia deklaracji eksportowej z UK:<\/a>\n\t\t\t\t\t<\/div>\n\n\t\t\t\t\t<div id=\"elementor-tab-content-1152\" class=\"elementor-tab-content elementor-clearfix\" data-tab=\"2\" role=\"tabpanel\" aria-labelledby=\"elementor-tab-title-1152\">\n<div class=\"v1ydpb1ebf28fyiv1504612472ydp3606d7dyahoo-style-wrap\" dir=\"ltr\">a). Faktura\/Invoice<\/div>\n<div class=\"v1ydpb1ebf28fyiv1504612472ydp3606d7dyahoo-style-wrap\" dir=\"ltr\">b). Dane Nadawcy wraz z adresem oraz nr EORI<\/div>\n<div class=\"v1ydpb1ebf28fyiv1504612472ydp3606d7dyahoo-style-wrap\" dir=\"ltr\">c). Dane Odbiorcy wraz z adresem oraz nr EORI<\/div>\n<div class=\"v1ydpb1ebf28fyiv1504612472ydp3606d7dyahoo-style-wrap\" dir=\"ltr\">d). Dane firmy transportowej wraz z adresem oraz nr EORI<\/div>\n<div class=\"v1ydpb1ebf28fyiv1504612472ydp3606d7dyahoo-style-wrap\" dir=\"ltr\">e). Granica przekroczenia (np. Harwich &#8211; Hook of Holland) wraz z data oraz godz.<\/div>\n<div class=\"v1ydpb1ebf28fyiv1504612472ydp3606d7dyahoo-style-wrap\" dir=\"ltr\"><\/div>\n<div class=\"v1ydpb1ebf28fyiv1504612472ydp3606d7dyahoo-style-wrap\" dir=\"ltr\" style=\"color: red; text-align: center;\"> <br>\nWAZNE! WAZNE! WAZNE!<\/div>\n<div class=\"v1ydpb1ebf28fyiv1504612472ydp3606d7dyahoo-style-wrap\" dir=\"ltr\">Zg\u0142oszenie Importowe MUSI by\u0107 wys\u0142ane na e-mail: info@polcustoms.co.uk, w tytule &#8211; &#8222;EKSPORT +NAZWA FIRMY+ DATA&#8221; NAJPOZNIEJ 12H PRZED PRZEKROCZENIEM GRANICY BRYTYJSKO-EUROPEJSKIEJ.<\/div>\n<div class=\"v1ydpb1ebf28fyiv1504612472ydp3606d7dyahoo-style-wrap\" dir=\"ltr\">\n\nZg\u0142oszenie Eksportowe niekompletne b\u0105d\u017a informacje brakuj\u0105ce w jednej wy\u0142\u0105cznie wiadomo\u015bci b\u0119d\u0105 przez nas system automatycznie odrzucone co r\u00f3wnoznaczne jest z przymusu korzystania z obl\u0119\u017conych agencji przygranicznych.\n\n<\/div>\n<\/div>\n\t\t\t\t<\/div>\n\t\t\t\t\t\t\t<div class=\"elementor-toggle-item\">\n\t\t\t\t\t<div id=\"elementor-tab-title-1153\" class=\"elementor-tab-title\" data-tab=\"3\" role=\"tab\" aria-controls=\"elementor-tab-content-1153\" aria-expanded=\"false\">\n\t\t\t\t\t\t\t\t\t\t\t\t<span class=\"elementor-toggle-icon elementor-toggle-icon-right\" aria-hidden=\"true\">\n\t\t\t\t\t\t\t\t\t\t\t\t\t\t\t<span class=\"elementor-toggle-icon-closed\"><i class=\"fas fa-caret-right\"><\/i><\/span>\n\t\t\t\t\t\t\t\t<span class=\"elementor-toggle-icon-opened\"><i class=\"elementor-toggle-icon-opened fas fa-caret-up\"><\/i><\/span>\n\t\t\t\t\t\t\t\t\t\t\t\t\t<\/span>\n\t\t\t\t\t\t\t\t\t\t\t\t<a href=\"\" class=\"elementor-toggle-title\">Szablon do zgloszenia tranzytu T1 dla firm transportowych :<\/a>\n\t\t\t\t\t<\/div>\n\n\t\t\t\t\t<div id=\"elementor-tab-content-1153\" class=\"elementor-tab-content elementor-clearfix\" data-tab=\"3\" role=\"tabpanel\" aria-labelledby=\"elementor-tab-title-1153\"><div class=\"v1ydpb1ebf28fyiv1504612472ydp3606d7dyahoo-style-wrap\" dir=\"ltr\">a).\u00a0invoice, packing list, specyfikacje, \u015bwiadectwa pochodzenia towaru, sanitarne (je\u015bli s\u0105 wymagane)\nb).\u00a0CMR \u00a0(na cmr wpisa\u0107 dokladnie dane nadawcy, odbiorcy, przewo\u017anika z nr Eori, nr. rej., imi\u0119 i nazwisko kierowcy, nr tel, towar i waga musi zgadza\u0107 si\u0119 z invoice)c).\u00a0NADAWCA\u00a0(\u00a0ADRES,\u00a0NR\u00a0NIP,\u00a0EORI)\nd).\u00a0ODBIORCA\u00a0(\u00a0JAK\u00a0WY\u017bEJ)\ne).\nMIEJSCE\u00a0PRZEZNACZENIA\/\u00a0DOSTAWY\nf).\u00a0MIEJSCE,\u00a0DATA\u00a0ZA\u0141ADUNKU\ng).\u00a0DANE\u00a0PRZWO\u0179NIKA\u00a0\u00a0(\u00a0ADRES,\u00a0NR\u00a0NIP,\u00a0EORI)\nh).\u00a0NR.\u00a0REJ\u00a0(ci\u0105gnik\u00a0+\u00a0naczepa),\u00a0DANE\u00a0KIEROWCY + NR\u00a0TEL\ni). TOWAR,\u00a0WAGA\nj)\u00a0TRASA\u00a0PRZEWOZU\u00a0(kraje\u00a0przez\u00a0kt\u00f3re\u00a0b\u0119dzie\u00a0jecha\u0142\u00a0towar)\u00a0!\nk). urz\u0105d\u00a0wyj\u015bcia\u00a0z\u00a0GB\u00a0(port)\u00a0&#8211;\u00a0np.\u00a0Harwich,\u00a0Dover\nl).urz\u0105d\u00a0wej\u015bcia\u00a0do\u00a0UE\u00a0(np.\u00a0Calais)\nm).urz\u0105d\u00a0przeznaczenia\nADRES\u00a0\u00a0I\u00a0NUMER\u00a0AGENCJI\u00a0W\u00a0PL wraz z kodem,\nURZ\u0104D\n\n<\/div>\n<div class=\"v1ydpb1ebf28fyiv1504612472ydp3606d7dyahoo-style-wrap\" dir=\"ltr\"><\/div>\n<div class=\"v1ydpb1ebf28fyiv1504612472ydp3606d7dyahoo-style-wrap\" dir=\"ltr\" style=\"color: red; text-align: center;\">WAZNE! WAZNE! WAZNE!<\/div>\n<div class=\"v1ydpb1ebf28fyiv1504612472ydp3606d7dyahoo-style-wrap\" dir=\"ltr\">Zg\u0142oszenie Tranzytowe TZW dokument T1 MUSI by\u0107 wys\u0142ane na e-mail: info@polcustoms.co.uk, w tytule &#8211; &#8221; T1 TRANZYT&#8221;.\n\n<\/div>\n<div class=\"v1ydpb1ebf28fyiv1504612472ydp3606d7dyahoo-style-wrap\" dir=\"ltr\">Jakakolwiek brakujaca informacja spowoduje odrzucenie wniosku w calosci oraz wydluzy proces wyjazdu z terenu Wielkiej Brytanii do Europy.\nZgloszenia Tranzytowe przyjmujemy najpozniej 12h przed planowanym transportem.\nNie akceptujemy wnioskow do ktorych wystosunkowano kilka badz kilkanascie e.maili.\nRozpatrywujemy tylko i wylacznie JEDEN wniosek\/zgloszenie e.mailowe wraz z kompletnymi danymi.<\/div>\n<div class=\"v1ydpb1ebf28fyiv1504612472ydp3606d7dyahoo-style-wrap\" dir=\"ltr\"><span style=\"color: #004000; font-family: monospace;\">\u00a0<\/span><\/div>\n<\/div>\n\t\t\t\t<\/div>\n\t\t\t\t\t\t\t<div class=\"elementor-toggle-item\">\n\t\t\t\t\t<div id=\"elementor-tab-title-1154\" class=\"elementor-tab-title\" data-tab=\"4\" role=\"tab\" aria-controls=\"elementor-tab-content-1154\" aria-expanded=\"false\">\n\t\t\t\t\t\t\t\t\t\t\t\t<span class=\"elementor-toggle-icon elementor-toggle-icon-right\" aria-hidden=\"true\">\n\t\t\t\t\t\t\t\t\t\t\t\t\t\t\t<span class=\"elementor-toggle-icon-closed\"><i class=\"fas fa-caret-right\"><\/i><\/span>\n\t\t\t\t\t\t\t\t<span class=\"elementor-toggle-icon-opened\"><i class=\"elementor-toggle-icon-opened fas fa-caret-up\"><\/i><\/span>\n\t\t\t\t\t\t\t\t\t\t\t\t\t<\/span>\n\t\t\t\t\t\t\t\t\t\t\t\t<a href=\"\" class=\"elementor-toggle-title\">Szablon do zgloszenia Mienia Przesiedlenczego:<\/a>\n\t\t\t\t\t<\/div>\n\n\t\t\t\t\t<div id=\"elementor-tab-content-1154\" class=\"elementor-tab-content elementor-clearfix\" data-tab=\"4\" role=\"tabpanel\" aria-labelledby=\"elementor-tab-title-1154\"><div class=\"v1ydpb1ebf28fyiv1504612472ydp3606d7dyahoo-style-wrap\" dir=\"ltr\">a). Wybranie Agencji Celnej przy Urzedzie Celnym w miejscu najblizszym przeniesienia<\/div>\n<div class=\"v1ydpb1ebf28fyiv1504612472ydp3606d7dyahoo-style-wrap\" dir=\"ltr\">b), imie i nazwisko Nadawcy wraz z adresem<\/div>\n<div class=\"v1ydpb1ebf28fyiv1504612472ydp3606d7dyahoo-style-wrap\" dir=\"ltr\">c). imie i nazwisko Odbiorcy wraz z nowym adresem<\/div>\n<div class=\"v1ydpb1ebf28fyiv1504612472ydp3606d7dyahoo-style-wrap\" dir=\"ltr\">d). miejsce przekroczenia granic (np Dover-Calais) data oraz czas, dane kierowcy wraz nr rejstracyjnym pojazdu<\/div>\n<div class=\"v1ydpb1ebf28fyiv1504612472ydp3606d7dyahoo-style-wrap\" dir=\"ltr\">e). invoice\/packing list (oferujemy Panstwu gotowy formularz do wypelnienia w naszej agencji, co ulatwi sprawnosc organizacji)<\/div>\n<div class=\"v1ydpb1ebf28fyiv1504612472ydp3606d7dyahoo-style-wrap\" dir=\"ltr\">f). waga calego mienia przesiedlenczego<\/div>\n<div class=\"v1ydpb1ebf28fyiv1504612472ydp3606d7dyahoo-style-wrap\" dir=\"ltr\"><\/div>\n<div class=\"v1ydpb1ebf28fyiv1504612472ydp3606d7dyahoo-style-wrap\" dir=\"ltr\" style=\"color: red; text-align: center;\">\nWAZNE! WAZNE! WAZNE!<\/div>\n<div class=\"v1ydpb1ebf28fyiv1504612472ydp3606d7dyahoo-style-wrap\" dir=\"ltr\">Przyjmujemy zgloszenie TYLKO I WYLACZNIE WG naszego szablonu. Jesli chociazby jedna informacja jest brakujaca &#8211; WNIOSEK ZOSTAJE ODRZUCONY.<\/div>\n<div class=\"v1ydpb1ebf28fyiv1504612472ydp3606d7dyahoo-style-wrap\" dir=\"ltr\"><\/div>\n<div class=\"v1ydpb1ebf28fyiv1504612472ydp3606d7dyahoo-style-wrap\" dir=\"ltr\"><\/div>\n<div class=\"v1ydpb1ebf28fyiv1504612472ydp3606d7dyahoo-style-wrap\" dir=\"ltr\"><\/div><\/div>\n\t\t\t\t<\/div>\n\t\t\t\t\t\t\t\t<\/div>\n\t\t\t\t<\/div>\n\t\t\t\t<\/div>\n\t\t\t\t\t\t<\/div>\n\t\t\t\t\t<\/div>\n\t\t<\/div>\n\t\t\t\t\t\t\t\t<\/div>\n\t\t\t\t\t<\/div>\n\t\t<\/section>\n\t\t\t\t<section class=\"elementor-section elementor-top-section elementor-element elementor-element-0312430 elementor-section-boxed elementor-section-height-default elementor-section-height-default\" data-id=\"0312430\" data-element_type=\"section\">\n\t\t\t\t\t\t<div class=\"elementor-container elementor-column-gap-default\">\n\t\t\t\t\t\t\t<div class=\"elementor-row\">\n\t\t\t\t\t<div class=\"elementor-column elementor-col-100 elementor-top-column elementor-element elementor-element-b40662d\" data-id=\"b40662d\" data-element_type=\"column\">\n\t\t\t<div class=\"elementor-column-wrap elementor-element-populated\">\n\t\t\t\t\t\t\t<div class=\"elementor-widget-wrap\">\n\t\t\t\t\t\t<div class=\"elementor-element elementor-element-8ac7667 elementor-widget elementor-widget-heading\" data-id=\"8ac7667\" data-element_type=\"widget\" data-widget_type=\"heading.default\">\n\t\t\t\t<div class=\"elementor-widget-container\">\n\t\t\t<h2 class=\"elementor-heading-title elementor-size-default\"><br>Dziekujemy za wspolprace.\u00a0 <br>Zastrzegamy sobie prawo odmowy przyjecia zgloszenia jezeli zaistnieje jakiekolwiek ryzyko falszerstwa.\u00a0<\/h2>\t\t<\/div>\n\t\t\t\t<\/div>\n\t\t\t\t\t\t<\/div>\n\t\t\t\t\t<\/div>\n\t\t<\/div>\n\t\t\t\t\t\t\t\t<\/div>\n\t\t\t\t\t<\/div>\n\t\t<\/section>\n\t\t\t\t<section class=\"elementor-section elementor-top-section elementor-element elementor-element-5d30489 elementor-section-boxed elementor-section-height-default elementor-section-height-default\" data-id=\"5d30489\" data-element_type=\"section\">\n\t\t\t\t\t\t<div class=\"elementor-container elementor-column-gap-default\">\n\t\t\t\t\t\t\t<div class=\"elementor-row\">\n\t\t\t\t\t<div class=\"elementor-column elementor-col-100 elementor-top-column elementor-element elementor-element-ff47601\" data-id=\"ff47601\" data-element_type=\"column\">\n\t\t\t<div class=\"elementor-column-wrap elementor-element-populated\">\n\t\t\t\t\t\t\t<div class=\"elementor-widget-wrap\">\n\t\t\t\t\t\t<div class=\"elementor-element elementor-element-ff4ea0b elementor-arrows-position-inside elementor-pagination-position-outside elementor-widget elementor-widget-image-carousel\" data-id=\"ff4ea0b\" data-element_type=\"widget\" data-settings=\"{&quot;navigation&quot;:&quot;both&quot;,&quot;autoplay&quot;:&quot;yes&quot;,&quot;pause_on_hover&quot;:&quot;yes&quot;,&quot;pause_on_interaction&quot;:&quot;yes&quot;,&quot;autoplay_speed&quot;:5000,&quot;infinite&quot;:&quot;yes&quot;,&quot;speed&quot;:500}\" data-widget_type=\"image-carousel.default\">\n\t\t\t\t<div class=\"elementor-widget-container\">\n\t\t\t\t\t<div class=\"elementor-image-carousel-wrapper swiper-container\" dir=\"ltr\">\n\t\t\t<div class=\"elementor-image-carousel swiper-wrapper\">\n\t\t\t\t\t\t\t\t<div class=\"swiper-slide\"><figure class=\"swiper-slide-inner\"><img class=\"swiper-slide-image\" src=\"https:\/\/polcustoms.co.uk\/wp-content\/uploads\/2022\/01\/pexels-emre-can-acer-2079628-1-200x300.jpg\" alt=\"pexels-emre-can-acer-2079628 (1)\" \/><\/figure><\/div><div class=\"swiper-slide\"><figure class=\"swiper-slide-inner\"><img class=\"swiper-slide-image\" src=\"https:\/\/polcustoms.co.uk\/wp-content\/uploads\/2022\/01\/pexels-talal-hakim-4464560-1-225x300.jpg\" alt=\"pexels-talal-hakim-4464560 (1)\" \/><\/figure><\/div><div class=\"swiper-slide\"><figure class=\"swiper-slide-inner\"><img class=\"swiper-slide-image\" src=\"https:\/\/polcustoms.co.uk\/wp-content\/uploads\/2022\/01\/pexels-pat-whelen-5615441-1-225x300.jpg\" alt=\"pexels-pat-whelen-5615441 (1)\" \/><\/figure><\/div><div class=\"swiper-slide\"><figure class=\"swiper-slide-inner\"><img class=\"swiper-slide-image\" src=\"https:\/\/polcustoms.co.uk\/wp-content\/uploads\/2022\/01\/pexels-fatih-turan-8777703-1-200x300.jpg\" alt=\"pexels-fatih-turan-8777703 (1)\" \/><\/figure><\/div>\t\t\t<\/div>\n\t\t\t\t\t\t\t\t\t\t\t\t<div class=\"swiper-pagination\"><\/div>\n\t\t\t\t\t\t\t\t\t\t\t\t\t<div class=\"elementor-swiper-button elementor-swiper-button-prev\">\n\t\t\t\t\t\t<i aria-hidden=\"true\" class=\"eicon-chevron-left\"><\/i>\t\t\t\t\t\t<span class=\"elementor-screen-only\">Poprzednie<\/span>\n\t\t\t\t\t<\/div>\n\t\t\t\t\t<div class=\"elementor-swiper-button elementor-swiper-button-next\">\n\t\t\t\t\t\t<i aria-hidden=\"true\" class=\"eicon-chevron-right\"><\/i>\t\t\t\t\t\t<span class=\"elementor-screen-only\">Nast\u0119pne<\/span>\n\t\t\t\t\t<\/div>\n\t\t\t\t\t\t\t\t\t<\/div>\n\t\t\t\t<\/div>\n\t\t\t\t<\/div>\n\t\t\t\t\t\t<\/div>\n\t\t\t\t\t<\/div>\n\t\t<\/div>\n\t\t\t\t\t\t\t\t<\/div>\n\t\t\t\t\t<\/div>\n\t\t<\/section>\n\t\t\t\t\t\t<\/div>\n\t\t\t\t\t\t<\/div>\n\t\t\t\t\t<\/div>\n\t\t","protected":false},"excerpt":{"rendered":"<p>Szablony zg\u0142oszeniowe Szablon do zgloszenia deklaracji importowej do UK : a). Faktura 0% wraz z informacja o kraju pochodzenia produktu b). MRN zwany inaczej WSPOLNOTA EUROPEJSKA &#8211; dokument c). Dane kierowcy (imie I nazwisko) oraz rejestracja pojazdu d). Nazwy granic przekraczajacych z EU do UK (np. Calais &#8211; Dover) wraz z data oraz planowanym czasem [&hellip;]<\/p>\n","protected":false},"author":1,"featured_media":0,"parent":0,"menu_order":0,"comment_status":"closed","ping_status":"closed","template":"","meta":[],"_links":{"self":[{"href":"https:\/\/polcustoms.co.uk\/index.php\/wp-json\/wp\/v2\/pages\/1104"}],"collection":[{"href":"https:\/\/polcustoms.co.uk\/index.php\/wp-json\/wp\/v2\/pages"}],"about":[{"href":"https:\/\/polcustoms.co.uk\/index.php\/wp-json\/wp\/v2\/types\/page"}],"author":[{"embeddable":true,"href":"https:\/\/polcustoms.co.uk\/index.php\/wp-json\/wp\/v2\/users\/1"}],"replies":[{"embeddable":true,"href":"https:\/\/polcustoms.co.uk\/index.php\/wp-json\/wp\/v2\/comments?post=1104"}],"version-history":[{"count":73,"href":"https:\/\/polcustoms.co.uk\/index.php\/wp-json\/wp\/v2\/pages\/1104\/revisions"}],"predecessor-version":[{"id":1371,"href":"https:\/\/polcustoms.co.uk\/index.php\/wp-json\/wp\/v2\/pages\/1104\/revisions\/1371"}],"wp:attachment":[{"href":"https:\/\/polcustoms.co.uk\/index.php\/wp-json\/wp\/v2\/media?parent=1104"}],"curies":[{"name":"wp","href":"https:\/\/api.w.org\/{rel}","templated":true}]}}