{"id":1014,"date":"2021-02-05T15:41:37","date_gmt":"2021-02-05T15:41:37","guid":{"rendered":"https:\/\/polcustoms.co.uk\/?page_id=1014"},"modified":"2022-01-25T18:46:11","modified_gmt":"2022-01-25T18:46:11","slug":"wazne-informacje","status":"publish","type":"page","link":"https:\/\/polcustoms.co.uk\/index.php\/wazne-informacje\/","title":{"rendered":"Wa\u017cne informacje"},"content":{"rendered":"\t\t<div data-elementor-type=\"wp-page\" data-elementor-id=\"1014\" class=\"elementor elementor-1014\" data-elementor-settings=\"[]\">\n\t\t\t\t\t\t<div class=\"elementor-inner\">\n\t\t\t\t\t\t\t<div class=\"elementor-section-wrap\">\n\t\t\t\t\t\t\t<section class=\"elementor-section elementor-top-section elementor-element elementor-element-5d2d822a elementor-section-content-middle elementor-section-boxed elementor-section-height-default elementor-section-height-default\" data-id=\"5d2d822a\" data-element_type=\"section\" data-settings=\"{&quot;background_background&quot;:&quot;classic&quot;}\">\n\t\t\t\t\t\t<div class=\"elementor-container elementor-column-gap-no\">\n\t\t\t\t\t\t\t<div class=\"elementor-row\">\n\t\t\t\t\t<div class=\"elementor-column elementor-col-100 elementor-top-column elementor-element elementor-element-26e550b2\" data-id=\"26e550b2\" data-element_type=\"column\">\n\t\t\t<div class=\"elementor-column-wrap elementor-element-populated\">\n\t\t\t\t\t\t\t<div class=\"elementor-widget-wrap\">\n\t\t\t\t\t\t<div class=\"elementor-element elementor-element-4a9c3a49 elementor-widget elementor-widget-heading\" data-id=\"4a9c3a49\" data-element_type=\"widget\" data-widget_type=\"heading.default\">\n\t\t\t\t<div class=\"elementor-widget-container\">\n\t\t\t<h4 class=\"elementor-heading-title elementor-size-default\">Wa\u017cne informacje<\/h4>\t\t<\/div>\n\t\t\t\t<\/div>\n\t\t\t\t<div class=\"elementor-element elementor-element-c075bdc elementor-widget-divider--separator-type-pattern elementor-widget-divider--no-spacing elementor-widget-divider--view-line elementor-widget elementor-widget-divider\" data-id=\"c075bdc\" data-element_type=\"widget\" data-widget_type=\"divider.default\">\n\t\t\t\t<div class=\"elementor-widget-container\">\n\t\t\t\t\t<div class=\"elementor-divider\" style=\"--divider-pattern-url: url(&quot;data:image\/svg+xml,%3Csvg xmlns=&#039;http:\/\/www.w3.org\/2000\/svg&#039; preserveAspectRatio=&#039;xMidYMid meet&#039; overflow=&#039;visible&#039; height=&#039;100%&#039; viewBox=&#039;0 0 126 26&#039; fill=&#039;black&#039; stroke=&#039;none&#039;%3E%3Cpath d=&#039;M3,10.2c2.6,0,2.6,2,2.6,3.2S4.4,16.5,3,16.5s-3-1.4-3-3.2S0.4,10.2,3,10.2z M18.8,10.2c1.7,0,3.2,1.4,3.2,3.2s-1.4,3.2-3.2,3.2c-1.7,0-3.2-1.4-3.2-3.2S17,10.2,18.8,10.2z M34.6,10.2c1.5,0,2.6,1.4,2.6,3.2s-0.5,3.2-1.9,3.2c-1.5,0-3.4-1.4-3.4-3.2S33.1,10.2,34.6,10.2z M50.5,10.2c1.7,0,3.2,1.4,3.2,3.2s-1.4,3.2-3.2,3.2c-1.7,0-3.3-0.9-3.3-2.6S48.7,10.2,50.5,10.2z M66.2,10.2c1.5,0,3.4,1.4,3.4,3.2s-1.9,3.2-3.4,3.2c-1.5,0-2.6-0.4-2.6-2.1S64.8,10.2,66.2,10.2z M82.2,10.2c1.7,0.8,2.6,1.4,2.6,3.2s-0.1,3.2-1.6,3.2c-1.5,0-3.7-1.4-3.7-3.2S80.5,9.4,82.2,10.2zM98.6,10.2c1.5,0,2.6,0.4,2.6,2.1s-1.2,4.2-2.6,4.2c-1.5,0-3.7-0.4-3.7-2.1S97.1,10.2,98.6,10.2z M113.4,10.2c1.2,0,2.2,0.9,2.2,3.2s-0.1,3.2-1.3,3.2s-3.1-1.4-3.1-3.2S112.2,10.2,113.4,10.2z&#039;\/%3E%3C\/svg%3E&quot;);\">\n\t\t\t<span class=\"elementor-divider-separator\">\n\t\t\t\t\t\t<\/span>\n\t\t<\/div>\n\t\t\t\t<\/div>\n\t\t\t\t<\/div>\n\t\t\t\t<div class=\"elementor-element elementor-element-ec2f5a1 elementor-widget elementor-widget-toggle\" data-id=\"ec2f5a1\" data-element_type=\"widget\" data-widget_type=\"toggle.default\">\n\t\t\t\t<div class=\"elementor-widget-container\">\n\t\t\t\t\t<div class=\"elementor-toggle\" role=\"tablist\">\n\t\t\t\t\t\t\t<div class=\"elementor-toggle-item\">\n\t\t\t\t\t<div id=\"elementor-tab-title-2471\" class=\"elementor-tab-title\" data-tab=\"1\" role=\"tab\" aria-controls=\"elementor-tab-content-2471\" aria-expanded=\"false\">\n\t\t\t\t\t\t\t\t\t\t\t\t<span class=\"elementor-toggle-icon elementor-toggle-icon-right\" aria-hidden=\"true\">\n\t\t\t\t\t\t\t\t\t\t\t\t\t\t\t<span class=\"elementor-toggle-icon-closed\"><i class=\"fas fa-caret-right\"><\/i><\/span>\n\t\t\t\t\t\t\t\t<span class=\"elementor-toggle-icon-opened\"><i class=\"elementor-toggle-icon-opened fas fa-caret-up\"><\/i><\/span>\n\t\t\t\t\t\t\t\t\t\t\t\t\t<\/span>\n\t\t\t\t\t\t\t\t\t\t\t\t<a href=\"\" class=\"elementor-toggle-title\">Eksport 2021 \u2013 Informacja dla klient\u00f3w odno\u015bnie maszyn rolniczych i le\u015bnych<\/a>\n\t\t\t\t\t<\/div>\n\n\t\t\t\t\t<div id=\"elementor-tab-content-2471\" class=\"elementor-tab-content elementor-clearfix\" data-tab=\"1\" role=\"tabpanel\" aria-labelledby=\"elementor-tab-title-2471\"><p>Od 1 stycznia 2021 u\u017cywane maszyny oraz pojazdy s\u0142u\u017c\u0105ce do cel\u00f3w rolniczych oraz le\u015bnych s\u0105 sklasyfikowane jako Ro\u015bliny i Produkty Ro\u015blinne Obj\u0119te Regulacjami i na eksport do kraj\u00f3w Unii Europejskiej b\u0119d\u0105 potrzebowa\u0107 przed zg\u0142oszenia i \u015bwiadectwa fitosanitarnego (PC) na transport z Wielkiej Brytanii do Unii Europejskiej, w\u0142\u0105cznie z Irlandi\u0105 P\u00f3\u0142nocn\u0105.<\/p><p>Data inspekcji oraz wydania certyfikatu nie mo\u017ce by\u0107 wcze\u015bniejsza ni\u017c 14 dni przed dat\u0105 wysy\u0142ki odpowiedniego materia\u0142u, kt\u00f3rego dotyczy certyfikat. Data \u201cwysy\u0142ki\u201d = dzie\u0144, w kt\u00f3rym towary zosta\u0142y eksportowane z kraju wydania certyfikatu.<\/p><p>D\u0142ugo\u015b\u0107 czasu, w kt\u00f3rym towary pozostaj\u0105 w transporcie, nie wp\u0142ywa na wa\u017cno\u015b\u0107 certyfikatu.<\/p><p>Jako \u017ce gleba jest sklasyfikowana jako produkt ro\u015blinny wysokiego ryzyka i jest zakazana, u\u017cywane maszyny s\u0142u\u017c\u0105ce do u\u017cytku rolniczego i le\u015bnego musz\u0105 by\u0107 oczyszczone z gleby od 1 stycznia 2021.<br \/>Podsumowanie procedury<br \/>Zarejestruj si\u0119 na stronie GovernmentGateaway i w systemie eDomero.<br \/>Aplikuj o numer EORI jak najszybciej. Otrzymanie numeru mo\u017ce potrwa\u0107 tydzie\u0144.<br \/>Sprawd\u017a, czy musisz si\u0119 zarejestrowa\u0107 do VAT.<br \/>Zadecyduj, ktora agencja celna w Uk w Twoim imieniu utworzy deklaracj\u0119 eksportow\u0105 .<br \/>Sprawd\u017a wymagania odno\u015bnie ro\u015blin i produkt\u00f3w ro\u015blinnych, kt\u00f3re zamierzasz esportowa\u0107 do Unii Europejskiej od 1 stycznia 2021.<br \/>Aplikuj o \u015bwiadectwo fitosanitarne (PC) od Inspektoratu Ochrony Ro\u015blin i Nasiennictwa (PHSI), u\u017cywaj\u0105c odpowiedniego formularza w systemie eDomero lub odpowiedniej formy papierowej przed eksportem.<br \/>Sprawd\u017a, czy drewniane opakowania u\u017cywane do transportu s\u0105 zgodne z Mi\u0119dzynarodowymi Standardami Dotycz\u0105cymi \u015arodk\u00f3w Fitosanitarnych nr 15 (ISPM 15).<\/p><\/div>\n\t\t\t\t<\/div>\n\t\t\t\t\t\t\t<div class=\"elementor-toggle-item\">\n\t\t\t\t\t<div id=\"elementor-tab-title-2472\" class=\"elementor-tab-title\" data-tab=\"2\" role=\"tab\" aria-controls=\"elementor-tab-content-2472\" aria-expanded=\"false\">\n\t\t\t\t\t\t\t\t\t\t\t\t<span class=\"elementor-toggle-icon elementor-toggle-icon-right\" aria-hidden=\"true\">\n\t\t\t\t\t\t\t\t\t\t\t\t\t\t\t<span class=\"elementor-toggle-icon-closed\"><i class=\"fas fa-caret-right\"><\/i><\/span>\n\t\t\t\t\t\t\t\t<span class=\"elementor-toggle-icon-opened\"><i class=\"elementor-toggle-icon-opened fas fa-caret-up\"><\/i><\/span>\n\t\t\t\t\t\t\t\t\t\t\t\t\t<\/span>\n\t\t\t\t\t\t\t\t\t\t\t\t<a href=\"\" class=\"elementor-toggle-title\">Przeprowadzki UK - Polska<\/a>\n\t\t\t\t\t<\/div>\n\n\t\t\t\t\t<div id=\"elementor-tab-content-2472\" class=\"elementor-tab-content elementor-clearfix\" data-tab=\"2\" role=\"tabpanel\" aria-labelledby=\"elementor-tab-title-2472\"><p>1 &#8211; WYBRANIE AGENCJI CELNEJ PRZY URZEDZIE CELNYM W MIEJSCU NAJBLIZSZYM MIEJSCA ZAMIESZKANIA W CELU UZYSKANIA LISTY DOKUMENTOW NIEZBEDNYCH DO ZGLOSZENIA MIENIA PRZESIEDLENCZEGO W POLSCE.<br \/>Do EX1 &#8211; POTRZEBUJEMY:<br \/>2. Exporter details (name address)<br \/>(imie,nazwisko i Adres Nadawcy)<br \/>3. Importer details (name and address)<br \/>(imie i nazwisko i Adres Odbiorcy)<br \/>4. Route (Granica UK i Granica Eu &#8211; Docelowa Agencja Celna przy Urzedzie Celnym -nazwa i adres)<br \/>5. Goods invoice \/ packing list &#8211; Lista osobistych rzeczy oraz ich szacunkowa wartosc &#8211; deklaracja odnosnie ilosci kartonow przewozonych w przeprowadzce<br \/>6. Weight kgs\/ Waga w kg<br \/>7. Samochod (V5C, invoice zakupu z data &#8211; powyzej 6miesiecy)<br \/>Nowe rzeczy podlegaja opodatkowaniu.<\/p><\/div>\n\t\t\t\t<\/div>\n\t\t\t\t\t\t\t<div class=\"elementor-toggle-item\">\n\t\t\t\t\t<div id=\"elementor-tab-title-2473\" class=\"elementor-tab-title\" data-tab=\"3\" role=\"tab\" aria-controls=\"elementor-tab-content-2473\" aria-expanded=\"false\">\n\t\t\t\t\t\t\t\t\t\t\t\t<span class=\"elementor-toggle-icon elementor-toggle-icon-right\" aria-hidden=\"true\">\n\t\t\t\t\t\t\t\t\t\t\t\t\t\t\t<span class=\"elementor-toggle-icon-closed\"><i class=\"fas fa-caret-right\"><\/i><\/span>\n\t\t\t\t\t\t\t\t<span class=\"elementor-toggle-icon-opened\"><i class=\"elementor-toggle-icon-opened fas fa-caret-up\"><\/i><\/span>\n\t\t\t\t\t\t\t\t\t\t\t\t\t<\/span>\n\t\t\t\t\t\t\t\t\t\t\t\t<a href=\"\" class=\"elementor-toggle-title\">DO T1 od Firm transportowych potrzebujemy DO 3,5T (+laweta) <\/a>\n\t\t\t\t\t<\/div>\n\n\t\t\t\t\t<div id=\"elementor-tab-content-2473\" class=\"elementor-tab-content elementor-clearfix\" data-tab=\"3\" role=\"tabpanel\" aria-labelledby=\"elementor-tab-title-2473\"><p>1. EX1 (EXPORT DEKLARACJA) <br \/>2. CMR\/KARTA PRZEWOZOWA<br \/>3. INVOICE\/FAKTURA <br \/>4.Packing List (jesli istnieje)<br \/>*****<br \/>1. Wybrana Agencja Celna przy Urzedzie Celnym &#8211; pelna nazwa\/adres\/nr agencji\/nr telefonu<br \/>2. Numer EORI nadawcy, EORI Firmy przewozowej oraz EORI odbiorcy (jesli, jest osoba prywatna to wtedy Pesel lub NIP)<br \/>3. Granica Wyjazdu Z UK (miejsce, data, orientacyjna godzina)<br \/>4. Granica z Unia Europejska (miejsce)<\/p><\/div>\n\t\t\t\t<\/div>\n\t\t\t\t\t\t\t<div class=\"elementor-toggle-item\">\n\t\t\t\t\t<div id=\"elementor-tab-title-2474\" class=\"elementor-tab-title\" data-tab=\"4\" role=\"tab\" aria-controls=\"elementor-tab-content-2474\" aria-expanded=\"false\">\n\t\t\t\t\t\t\t\t\t\t\t\t<span class=\"elementor-toggle-icon elementor-toggle-icon-right\" aria-hidden=\"true\">\n\t\t\t\t\t\t\t\t\t\t\t\t\t\t\t<span class=\"elementor-toggle-icon-closed\"><i class=\"fas fa-caret-right\"><\/i><\/span>\n\t\t\t\t\t\t\t\t<span class=\"elementor-toggle-icon-opened\"><i class=\"elementor-toggle-icon-opened fas fa-caret-up\"><\/i><\/span>\n\t\t\t\t\t\t\t\t\t\t\t\t\t<\/span>\n\t\t\t\t\t\t\t\t\t\t\t\t<a href=\"\" class=\"elementor-toggle-title\">Lista Agencji Celnych w Polsce robi\u0105ca mienie przesiedle\u0144cze<\/a>\n\t\t\t\t\t<\/div>\n\n\t\t\t\t\t<div id=\"elementor-tab-content-2474\" class=\"elementor-tab-content elementor-clearfix\" data-tab=\"4\" role=\"tabpanel\" aria-labelledby=\"elementor-tab-title-2474\"><p>PKS International CARGO S.A. &#8211; Bia\u0142a Podlaska<br \/>AGM &#8211; Bia\u0142ystok<br \/>Bus Speed &#8211; Gdynia<br \/>Terramar &#8211; Gliwice<br \/>Expol &#8211; Krosno<br \/>Euro-Top &#8211; Szczecin<br \/>Inter-Stat &#8211; Toru\u0144<\/p><\/div>\n\t\t\t\t<\/div>\n\t\t\t\t\t\t\t<div class=\"elementor-toggle-item\">\n\t\t\t\t\t<div id=\"elementor-tab-title-2475\" class=\"elementor-tab-title\" data-tab=\"5\" role=\"tab\" aria-controls=\"elementor-tab-content-2475\" aria-expanded=\"false\">\n\t\t\t\t\t\t\t\t\t\t\t\t<span class=\"elementor-toggle-icon elementor-toggle-icon-right\" aria-hidden=\"true\">\n\t\t\t\t\t\t\t\t\t\t\t\t\t\t\t<span class=\"elementor-toggle-icon-closed\"><i class=\"fas fa-caret-right\"><\/i><\/span>\n\t\t\t\t\t\t\t\t<span class=\"elementor-toggle-icon-opened\"><i class=\"elementor-toggle-icon-opened fas fa-caret-up\"><\/i><\/span>\n\t\t\t\t\t\t\t\t\t\t\t\t\t<\/span>\n\t\t\t\t\t\t\t\t\t\t\t\t<a href=\"\" class=\"elementor-toggle-title\">TYMCZASOWY WYW\u00d3Z POJAZDU Z UK DO POLSKI<\/a>\n\t\t\t\t\t<\/div>\n\n\t\t\t\t\t<div id=\"elementor-tab-content-2475\" class=\"elementor-tab-content elementor-clearfix\" data-tab=\"5\" role=\"tabpanel\" aria-labelledby=\"elementor-tab-title-2475\"><p>W\u0142a\u015bciciel pojazdu, kt\u00f3ry ma zosta\u0107 tymczasowo wyeksportowany (na przyk\u0142ad w celu naprawy), musi spe\u0142ni\u0107 kilka warunk\u00f3w, aby ca\u0142a procedura przebieg\u0142a zgodnie z obecnymi przepisami:<\/p><p>\u017beby przekroczy\u0107 granic\u0119 UK nale\u017cy otworzy\u0107 deklaracj\u0119 eksportow\u0105 u agenta celnego w UK.<\/p><p>Po przybyciu do Polski w\u0142a\u015bciciel pojazdu jest zobowi\u0105zany do:<br \/>Zadeklarowania, \u017ce pojazd b\u0119dzie przebywa\u0142 na terenie Polski nie d\u0142u\u017cej ni\u017c 12 miesi\u0119cy,<br \/>Znalezienia agencji celnej i uiszczenia op\u0142aty depozytu,<br \/>Depozyt to r\u00f3wnowarto\u015b\u0107 sumy op\u0142at celnych, kt\u00f3re by\u0142y uiszczone przy sprowadzeniu i zarejestrowaniu samochodu (c\u0142o, akcyza, podatek VAT, etc.),<br \/>Depozyt jest ustalany wed\u0142ug taryfy agencji celnej w Polsce.<\/p><p>W dzie\u0144 powrotu do UK w\u0142a\u015bciciel pojazdu powinien skontaktowa\u0107 si\u0119 z agentem celnym w UK i poinformowa\u0107 o powrocie, aby agent m\u00f3g\u0142 kontynuowa\u0107 procedur\u0119.<\/p><p>Po przekroczeniu granicy nast\u0119puje procedura Return Goods Relief (RGR) na podstawie wcze\u015bniej wspomnianej deklaracji eksportowej jako dowodu.<\/p><p>Po przybyciu w\u0142a\u015bciciela pojazdu do UK agent celny w UK zamyka deklaracj\u0119 eksportow\u0105. W\u0142a\u015bciciel musi okaza\u0107 ten dokument agencji celnej w Polsce.<\/p><p>Na podstawie zamkni\u0119tej deklaracji eksportowej w\u0142a\u015bcicielowi zwracany jest depozyt z agencji celnej w Polsce.<\/p><\/div>\n\t\t\t\t<\/div>\n\t\t\t\t\t\t\t\t<\/div>\n\t\t\t\t<\/div>\n\t\t\t\t<\/div>\n\t\t\t\t\t\t<\/div>\n\t\t\t\t\t<\/div>\n\t\t<\/div>\n\t\t\t\t\t\t\t\t<\/div>\n\t\t\t\t\t<\/div>\n\t\t<\/section>\n\t\t\t\t<section class=\"elementor-section elementor-top-section elementor-element elementor-element-2fd45e4 elementor-section-boxed elementor-section-height-default elementor-section-height-default\" data-id=\"2fd45e4\" data-element_type=\"section\">\n\t\t\t\t\t\t<div class=\"elementor-container elementor-column-gap-default\">\n\t\t\t\t\t\t\t<div class=\"elementor-row\">\n\t\t\t\t\t<div class=\"elementor-column elementor-col-100 elementor-top-column elementor-element elementor-element-ddd8056\" data-id=\"ddd8056\" data-element_type=\"column\">\n\t\t\t<div class=\"elementor-column-wrap elementor-element-populated\">\n\t\t\t\t\t\t\t<div class=\"elementor-widget-wrap\">\n\t\t\t\t\t\t<div class=\"elementor-element elementor-element-ee18e63 elementor-invisible elementor-widget elementor-widget-image\" data-id=\"ee18e63\" data-element_type=\"widget\" data-settings=\"{&quot;_animation&quot;:&quot;fadeInLeft&quot;}\" data-widget_type=\"image.default\">\n\t\t\t\t<div class=\"elementor-widget-container\">\n\t\t\t\t\t\t\t\t<div class=\"elementor-image\">\n\t\t\t\t\t\t\t\t\t\t\t\t<img width=\"768\" height=\"517\" src=\"https:\/\/polcustoms.co.uk\/wp-content\/uploads\/2022\/01\/pexels-julius-silver-753331-1-768x517.jpg\" class=\"attachment-medium_large size-medium_large\" alt=\"\" loading=\"lazy\" srcset=\"https:\/\/polcustoms.co.uk\/wp-content\/uploads\/2022\/01\/pexels-julius-silver-753331-1-768x517.jpg 768w, https:\/\/polcustoms.co.uk\/wp-content\/uploads\/2022\/01\/pexels-julius-silver-753331-1-300x202.jpg 300w, https:\/\/polcustoms.co.uk\/wp-content\/uploads\/2022\/01\/pexels-julius-silver-753331-1-1024x690.jpg 1024w, https:\/\/polcustoms.co.uk\/wp-content\/uploads\/2022\/01\/pexels-julius-silver-753331-1-1536x1035.jpg 1536w, https:\/\/polcustoms.co.uk\/wp-content\/uploads\/2022\/01\/pexels-julius-silver-753331-1-2048x1380.jpg 2048w\" sizes=\"(max-width: 768px) 100vw, 768px\" \/>\t\t\t\t\t\t\t\t\t\t\t\t\t\t<\/div>\n\t\t\t\t\t\t<\/div>\n\t\t\t\t<\/div>\n\t\t\t\t\t\t<\/div>\n\t\t\t\t\t<\/div>\n\t\t<\/div>\n\t\t\t\t\t\t\t\t<\/div>\n\t\t\t\t\t<\/div>\n\t\t<\/section>\n\t\t\t\t\t\t<\/div>\n\t\t\t\t\t\t<\/div>\n\t\t\t\t\t<\/div>\n\t\t","protected":false},"excerpt":{"rendered":"<p>Wa\u017cne informacje Eksport 2021 \u2013 Informacja dla klient\u00f3w odno\u015bnie maszyn rolniczych i le\u015bnych Od 1 stycznia 2021 u\u017cywane maszyny oraz pojazdy s\u0142u\u017c\u0105ce do cel\u00f3w rolniczych oraz le\u015bnych s\u0105 sklasyfikowane jako Ro\u015bliny i Produkty Ro\u015blinne Obj\u0119te Regulacjami i na eksport do kraj\u00f3w Unii Europejskiej b\u0119d\u0105 potrzebowa\u0107 przed zg\u0142oszenia i \u015bwiadectwa fitosanitarnego (PC) na transport z Wielkiej [&hellip;]<\/p>\n","protected":false},"author":1,"featured_media":0,"parent":0,"menu_order":0,"comment_status":"closed","ping_status":"closed","template":"","meta":[],"_links":{"self":[{"href":"https:\/\/polcustoms.co.uk\/index.php\/wp-json\/wp\/v2\/pages\/1014"}],"collection":[{"href":"https:\/\/polcustoms.co.uk\/index.php\/wp-json\/wp\/v2\/pages"}],"about":[{"href":"https:\/\/polcustoms.co.uk\/index.php\/wp-json\/wp\/v2\/types\/page"}],"author":[{"embeddable":true,"href":"https:\/\/polcustoms.co.uk\/index.php\/wp-json\/wp\/v2\/users\/1"}],"replies":[{"embeddable":true,"href":"https:\/\/polcustoms.co.uk\/index.php\/wp-json\/wp\/v2\/comments?post=1014"}],"version-history":[{"count":46,"href":"https:\/\/polcustoms.co.uk\/index.php\/wp-json\/wp\/v2\/pages\/1014\/revisions"}],"predecessor-version":[{"id":1406,"href":"https:\/\/polcustoms.co.uk\/index.php\/wp-json\/wp\/v2\/pages\/1014\/revisions\/1406"}],"wp:attachment":[{"href":"https:\/\/polcustoms.co.uk\/index.php\/wp-json\/wp\/v2\/media?parent=1014"}],"curies":[{"name":"wp","href":"https:\/\/api.w.org\/{rel}","templated":true}]}}